{"id":4336,"date":"2022-08-09T13:45:57","date_gmt":"2022-08-09T11:45:57","guid":{"rendered":"https:\/\/www.katjesgreenfood.de\/genius\/"},"modified":"2026-04-17T11:55:45","modified_gmt":"2026-04-17T09:55:45","slug":"genius","status":"publish","type":"page","link":"https:\/\/www.katjesgreenfood.de\/en\/genius\/","title":{"rendered":"genius"},"content":{"rendered":"\t\t<div data-elementor-type=\"wp-page\" data-elementor-id=\"4336\" class=\"elementor elementor-4336 elementor-581\" data-elementor-post-type=\"page\">\n\t\t\t\t\t\t<section class=\"elementor-section elementor-top-section elementor-element elementor-element-fe43621 main-section elementor-section-boxed elementor-section-height-default elementor-section-height-default\" data-id=\"fe43621\" data-element_type=\"section\" data-e-type=\"section\">\n\t\t\t\t\t\t<div class=\"elementor-container elementor-column-gap-default\">\n\t\t\t\t\t<div class=\"elementor-column elementor-col-50 elementor-top-column elementor-element elementor-element-4897e5f\" data-id=\"4897e5f\" data-element_type=\"column\" data-e-type=\"column\">\n\t\t\t<div class=\"elementor-widget-wrap elementor-element-populated\">\n\t\t\t\t\t\t<div class=\"elementor-element elementor-element-2438c62 elementor-widget elementor-widget-image\" data-id=\"2438c62\" data-element_type=\"widget\" data-e-type=\"widget\" data-widget_type=\"image.default\">\n\t\t\t\t<div class=\"elementor-widget-container\">\n\t\t\t\t\t\t\t\t\t\t\t\t\t\t\t<img decoding=\"async\" width=\"475\" height=\"475\" src=\"https:\/\/www.katjesgreenfood.de\/wp-content\/uploads\/2025\/05\/Genius-Logo_.png\" class=\"attachment-full size-full wp-image-5148\" alt=\"\" srcset=\"https:\/\/www.katjesgreenfood.de\/wp-content\/uploads\/2025\/05\/Genius-Logo_.png 475w, https:\/\/www.katjesgreenfood.de\/wp-content\/uploads\/2025\/05\/Genius-Logo_-300x300.png 300w, https:\/\/www.katjesgreenfood.de\/wp-content\/uploads\/2025\/05\/Genius-Logo_-150x150.png 150w\" sizes=\"(max-width: 475px) 100vw, 475px\" \/>\t\t\t\t\t\t\t\t\t\t\t\t\t\t\t<\/div>\n\t\t\t\t<\/div>\n\t\t\t\t\t<\/div>\n\t\t<\/div>\n\t\t\t\t<div class=\"elementor-column elementor-col-50 elementor-top-column elementor-element elementor-element-f815237\" data-id=\"f815237\" data-element_type=\"column\" data-e-type=\"column\">\n\t\t\t<div class=\"elementor-widget-wrap elementor-element-populated\">\n\t\t\t\t\t\t<div class=\"elementor-element elementor-element-0bc0bea elementor-widget elementor-widget-heading\" data-id=\"0bc0bea\" data-element_type=\"widget\" data-e-type=\"widget\" data-widget_type=\"heading.default\">\n\t\t\t\t<div class=\"elementor-widget-container\">\n\t\t\t\t\t<h1 class=\"elementor-heading-title elementor-size-default\">Genius <\/h1>\t\t\t\t<\/div>\n\t\t\t\t<\/div>\n\t\t\t\t<div class=\"elementor-element elementor-element-6f99cbe elementor-widget elementor-widget-text-editor\" data-id=\"6f99cbe\" data-element_type=\"widget\" data-e-type=\"widget\" data-widget_type=\"text-editor.default\">\n\t\t\t\t<div class=\"elementor-widget-container\">\n\t\t\t\t\t\t\t\t\t<div class=\"ql-block\" data-block-id=\"block-5c2df93f-83a7-4a21-9aaf-967509ed0132\">Der \u2018free-from\u2018-Markt w\u00e4chst von Jahr zu Jahr weiter: Immer mehr Menschen sehen den Bedarf an gesundem Essen ohne unn\u00f6tige Zus\u00e4tze. Genius setzt dabei den Fokus auf glutenfreie Backwaren aus dem Supermarkt. Die K\u00f6chin Lucinda Bruce-Gardyne gr\u00fcndete das britische Unternehmen 2008 (inzwischen ist sie aus dem Unternehmen ausgeschieden) und entwickelte die Produkte aus einem pers\u00f6nlichen Antrieb: ihrem unter Z\u00f6liakie leidenden Sohn qualitativ hochwertiges, glutenfreies Brot anbieten zu k\u00f6nnen. Mit dem breiten Produktsortiment f\u00fcr gesunde Ern\u00e4hrung und k\u00f6rperliches Wohlbefinden ist Genius heute Marktf\u00fchrer in UK und Nr. 2 im gesamten europ\u00e4ischen Markt f\u00fcr glutenfreie Backwaren.<\/div><div class=\"ql-block\" data-block-id=\"block-810406b9-2d6e-480d-9950-54f99184009b\">Genius ist die erste Mehrheitsbeteiligung von Katjes Greenfood.<\/div>\t\t\t\t\t\t\t\t<\/div>\n\t\t\t\t<\/div>\n\t\t\t\t<section class=\"elementor-section elementor-inner-section elementor-element elementor-element-823851f elementor-section-boxed elementor-section-height-default elementor-section-height-default\" data-id=\"823851f\" data-element_type=\"section\" data-e-type=\"section\">\n\t\t\t\t\t\t<div class=\"elementor-container elementor-column-gap-default\">\n\t\t\t\t\t<div class=\"elementor-column elementor-col-33 elementor-inner-column elementor-element elementor-element-7b60ac4\" data-id=\"7b60ac4\" data-element_type=\"column\" data-e-type=\"column\">\n\t\t\t<div class=\"elementor-widget-wrap elementor-element-populated\">\n\t\t\t\t\t\t<div class=\"elementor-element elementor-element-6e68ae4 elementor-widget elementor-widget-heading\" data-id=\"6e68ae4\" data-element_type=\"widget\" data-e-type=\"widget\" data-widget_type=\"heading.default\">\n\t\t\t\t<div class=\"elementor-widget-container\">\n\t\t\t\t\t<h2 class=\"elementor-heading-title elementor-size-default\">Founder(s)<\/h2>\t\t\t\t<\/div>\n\t\t\t\t<\/div>\n\t\t\t\t<div class=\"elementor-element elementor-element-627c61d elementor-widget elementor-widget-text-editor\" data-id=\"627c61d\" data-element_type=\"widget\" data-e-type=\"widget\" data-widget_type=\"text-editor.default\">\n\t\t\t\t<div class=\"elementor-widget-container\">\n\t\t\t\t\t\t\t\t\t<p>Lucinda Bruce-Gardyne (inzwischen ausgeschieden)<\/p>\t\t\t\t\t\t\t\t<\/div>\n\t\t\t\t<\/div>\n\t\t\t\t\t<\/div>\n\t\t<\/div>\n\t\t\t\t<div class=\"elementor-column elementor-col-33 elementor-inner-column elementor-element elementor-element-45d61dd\" data-id=\"45d61dd\" data-element_type=\"column\" data-e-type=\"column\">\n\t\t\t<div class=\"elementor-widget-wrap elementor-element-populated\">\n\t\t\t\t\t\t<div class=\"elementor-element elementor-element-e8b09cc elementor-widget elementor-widget-heading\" data-id=\"e8b09cc\" data-element_type=\"widget\" data-e-type=\"widget\" data-widget_type=\"heading.default\">\n\t\t\t\t<div class=\"elementor-widget-container\">\n\t\t\t\t\t<h2 class=\"elementor-heading-title elementor-size-default\">Location<\/h2>\t\t\t\t<\/div>\n\t\t\t\t<\/div>\n\t\t\t\t<div class=\"elementor-element elementor-element-4370cdd elementor-widget elementor-widget-text-editor\" data-id=\"4370cdd\" data-element_type=\"widget\" data-e-type=\"widget\" data-widget_type=\"text-editor.default\">\n\t\t\t\t<div class=\"elementor-widget-container\">\n\t\t\t\t\t\t\t\t\t<p>Edinburgh, Scotland<\/p>\t\t\t\t\t\t\t\t<\/div>\n\t\t\t\t<\/div>\n\t\t\t\t\t<\/div>\n\t\t<\/div>\n\t\t\t\t<div class=\"elementor-column elementor-col-33 elementor-inner-column elementor-element elementor-element-737e0f1\" data-id=\"737e0f1\" data-element_type=\"column\" data-e-type=\"column\">\n\t\t\t<div class=\"elementor-widget-wrap elementor-element-populated\">\n\t\t\t\t\t\t<div class=\"elementor-element elementor-element-3c727db elementor-widget elementor-widget-image\" data-id=\"3c727db\" data-element_type=\"widget\" data-e-type=\"widget\" data-widget_type=\"image.default\">\n\t\t\t\t<div class=\"elementor-widget-container\">\n\t\t\t\t\t\t\t\t\t\t\t\t\t\t\t<img decoding=\"async\" width=\"475\" height=\"475\" src=\"https:\/\/www.katjesgreenfood.de\/wp-content\/uploads\/2025\/06\/Genius-Multiseeded-Farmhouse.png\" class=\"attachment-large size-large wp-image-5167\" alt=\"\" srcset=\"https:\/\/www.katjesgreenfood.de\/wp-content\/uploads\/2025\/06\/Genius-Multiseeded-Farmhouse.png 475w, https:\/\/www.katjesgreenfood.de\/wp-content\/uploads\/2025\/06\/Genius-Multiseeded-Farmhouse-300x300.png 300w, https:\/\/www.katjesgreenfood.de\/wp-content\/uploads\/2025\/06\/Genius-Multiseeded-Farmhouse-150x150.png 150w\" sizes=\"(max-width: 475px) 100vw, 475px\" \/>\t\t\t\t\t\t\t\t\t\t\t\t\t\t\t<\/div>\n\t\t\t\t<\/div>\n\t\t\t\t\t<\/div>\n\t\t<\/div>\n\t\t\t\t\t<\/div>\n\t\t<\/section>\n\t\t\t\t\t<\/div>\n\t\t<\/div>\n\t\t\t\t\t<\/div>\n\t\t<\/section>\n\t\t\t\t<section class=\"elementor-section elementor-top-section elementor-element elementor-element-f69ab89 elementor-section-full_width elementor-section-content-middle elementor-section-height-default elementor-section-height-default\" data-id=\"f69ab89\" data-element_type=\"section\" data-e-type=\"section\">\n\t\t\t\t\t\t<div class=\"elementor-container elementor-column-gap-default\">\n\t\t\t\t\t<div class=\"elementor-column elementor-col-100 elementor-top-column elementor-element elementor-element-0f54ce6\" data-id=\"0f54ce6\" data-element_type=\"column\" data-e-type=\"column\">\n\t\t\t<div class=\"elementor-widget-wrap elementor-element-populated\">\n\t\t\t\t\t\t<section class=\"elementor-section elementor-inner-section elementor-element elementor-element-8c324ee elementor-section-full_width elementor-section-height-default elementor-section-height-default\" data-id=\"8c324ee\" data-element_type=\"section\" data-e-type=\"section\">\n\t\t\t\t\t\t<div class=\"elementor-container elementor-column-gap-default\">\n\t\t\t\t\t<div class=\"elementor-column elementor-col-33 elementor-inner-column elementor-element elementor-element-bdd4187\" data-id=\"bdd4187\" data-element_type=\"column\" data-e-type=\"column\" data-settings=\"{&quot;background_background&quot;:&quot;classic&quot;}\">\n\t\t\t<div class=\"elementor-widget-wrap elementor-element-populated\">\n\t\t\t\t\t\t<div class=\"elementor-element elementor-element-02d2c26 elementor-widget elementor-widget-heading\" data-id=\"02d2c26\" data-element_type=\"widget\" data-e-type=\"widget\" data-widget_type=\"heading.default\">\n\t\t\t\t<div class=\"elementor-widget-container\">\n\t\t\t\t\t<h2 class=\"elementor-heading-title elementor-size-default\"><a href=\"https:\/\/www.geniusfood.com\/en-gb\/\" target=\"_blank\">Go to Website<\/a><\/h2>\t\t\t\t<\/div>\n\t\t\t\t<\/div>\n\t\t\t\t\t<\/div>\n\t\t<\/div>\n\t\t\t\t<div class=\"elementor-column elementor-col-33 elementor-inner-column elementor-element elementor-element-e931aea\" data-id=\"e931aea\" data-element_type=\"column\" data-e-type=\"column\" data-settings=\"{&quot;background_background&quot;:&quot;classic&quot;}\">\n\t\t\t<div class=\"elementor-widget-wrap elementor-element-populated\">\n\t\t\t\t\t\t<div class=\"elementor-element elementor-element-352bcbb elementor-widget__width-inherit elementor-view-default elementor-widget elementor-widget-icon\" data-id=\"352bcbb\" data-element_type=\"widget\" data-e-type=\"widget\" data-widget_type=\"icon.default\">\n\t\t\t\t<div class=\"elementor-widget-container\">\n\t\t\t\t\t\t\t<div class=\"elementor-icon-wrapper\">\n\t\t\t<a class=\"elementor-icon\" href=\"https:\/\/www.instagram.com\/geniusfoodofficial\/\" target=\"_blank\">\n\t\t\t<i aria-hidden=\"true\" class=\"fab fa-instagram\"><\/i>\t\t\t<\/a>\n\t\t<\/div>\n\t\t\t\t\t\t<\/div>\n\t\t\t\t<\/div>\n\t\t\t\t\t<\/div>\n\t\t<\/div>\n\t\t\t\t<div class=\"elementor-column elementor-col-33 elementor-inner-column elementor-element elementor-element-1d6b0f8\" data-id=\"1d6b0f8\" data-element_type=\"column\" data-e-type=\"column\" data-settings=\"{&quot;background_background&quot;:&quot;classic&quot;}\">\n\t\t\t<div class=\"elementor-widget-wrap elementor-element-populated\">\n\t\t\t\t\t\t<div class=\"elementor-element elementor-element-c3e061d elementor-view-default elementor-widget elementor-widget-icon\" data-id=\"c3e061d\" data-element_type=\"widget\" data-e-type=\"widget\" data-widget_type=\"icon.default\">\n\t\t\t\t<div class=\"elementor-widget-container\">\n\t\t\t\t\t\t\t<div class=\"elementor-icon-wrapper\">\n\t\t\t<a class=\"elementor-icon\" href=\"https:\/\/www.linkedin.com\/company\/genius-foods\/\" target=\"_blank\">\n\t\t\t<i aria-hidden=\"true\" class=\"fab fa-linkedin\"><\/i>\t\t\t<\/a>\n\t\t<\/div>\n\t\t\t\t\t\t<\/div>\n\t\t\t\t<\/div>\n\t\t\t\t\t<\/div>\n\t\t<\/div>\n\t\t\t\t\t<\/div>\n\t\t<\/section>\n\t\t\t\t\t<\/div>\n\t\t<\/div>\n\t\t\t\t\t<\/div>\n\t\t<\/section>\n\t\t\t\t<\/div>\n\t\t","protected":false},"excerpt":{"rendered":"<p>Genius Der \u2018free-from\u2018-Markt w\u00e4chst von Jahr zu Jahr weiter: Immer mehr Menschen sehen den Bedarf an gesundem Essen ohne unn\u00f6tige Zus\u00e4tze. Genius setzt dabei den Fokus auf glutenfreie Backwaren aus dem Supermarkt. Die K\u00f6chin Lucinda Bruce-Gardyne gr\u00fcndete das britische Unternehmen 2008 (inzwischen ist sie aus dem Unternehmen ausgeschieden) und entwickelte die Produkte aus einem pers\u00f6nlichen [&hellip;]<\/p>\n","protected":false},"author":2,"featured_media":0,"parent":0,"menu_order":11,"comment_status":"closed","ping_status":"closed","template":"","meta":{"footnotes":""},"class_list":["post-4336","page","type-page","status-publish","hentry"],"yoast_head":"<!-- This site is optimized with the Yoast SEO plugin v27.0 - https:\/\/yoast.com\/product\/yoast-seo-wordpress\/ -->\n<title>genius - katjesgreenfood.de<\/title>\n<meta name=\"robots\" content=\"index, follow, max-snippet:-1, max-image-preview:large, max-video-preview:-1\" \/>\n<link rel=\"canonical\" href=\"https:\/\/www.katjesgreenfood.de\/en\/genius\/\" \/>\n<meta property=\"og:locale\" content=\"en_US\" \/>\n<meta property=\"og:type\" content=\"article\" \/>\n<meta property=\"og:title\" content=\"genius - katjesgreenfood.de\" \/>\n<meta property=\"og:description\" content=\"Genius Der \u2018free-from\u2018-Markt w\u00e4chst von Jahr zu Jahr weiter: Immer mehr Menschen sehen den Bedarf an gesundem Essen ohne unn\u00f6tige Zus\u00e4tze. Genius setzt dabei den Fokus auf glutenfreie Backwaren aus dem Supermarkt. Die K\u00f6chin Lucinda Bruce-Gardyne gr\u00fcndete das britische Unternehmen 2008 (inzwischen ist sie aus dem Unternehmen ausgeschieden) und entwickelte die Produkte aus einem pers\u00f6nlichen [&hellip;]\" \/>\n<meta property=\"og:url\" content=\"https:\/\/www.katjesgreenfood.de\/en\/genius\/\" \/>\n<meta property=\"og:site_name\" content=\"katjesgreenfood.de\" \/>\n<meta property=\"article:modified_time\" content=\"2026-04-17T09:55:45+00:00\" \/>\n<meta property=\"og:image\" content=\"https:\/\/www.katjesgreenfood.de\/wp-content\/uploads\/2025\/05\/Genius-Logo_.png\" \/>\n\t<meta property=\"og:image:width\" content=\"475\" \/>\n\t<meta property=\"og:image:height\" content=\"475\" \/>\n\t<meta property=\"og:image:type\" content=\"image\/png\" \/>\n<meta name=\"twitter:card\" content=\"summary_large_image\" \/>\n<meta name=\"twitter:label1\" content=\"Est. reading time\" \/>\n\t<meta name=\"twitter:data1\" content=\"1 minute\" \/>\n<script type=\"application\/ld+json\" class=\"yoast-schema-graph\">{\"@context\":\"https:\/\/schema.org\",\"@graph\":[{\"@type\":\"WebPage\",\"@id\":\"https:\/\/www.katjesgreenfood.de\/en\/genius\/\",\"url\":\"https:\/\/www.katjesgreenfood.de\/en\/genius\/\",\"name\":\"genius - katjesgreenfood.de\",\"isPartOf\":{\"@id\":\"https:\/\/www.katjesgreenfood.de\/en\/#website\"},\"primaryImageOfPage\":{\"@id\":\"https:\/\/www.katjesgreenfood.de\/en\/genius\/#primaryimage\"},\"image\":{\"@id\":\"https:\/\/www.katjesgreenfood.de\/en\/genius\/#primaryimage\"},\"thumbnailUrl\":\"https:\/\/www.katjesgreenfood.de\/wp-content\/uploads\/2025\/05\/Genius-Logo_.png\",\"datePublished\":\"2022-08-09T11:45:57+00:00\",\"dateModified\":\"2026-04-17T09:55:45+00:00\",\"breadcrumb\":{\"@id\":\"https:\/\/www.katjesgreenfood.de\/en\/genius\/#breadcrumb\"},\"inLanguage\":\"en-US\",\"potentialAction\":[{\"@type\":\"ReadAction\",\"target\":[\"https:\/\/www.katjesgreenfood.de\/en\/genius\/\"]}]},{\"@type\":\"ImageObject\",\"inLanguage\":\"en-US\",\"@id\":\"https:\/\/www.katjesgreenfood.de\/en\/genius\/#primaryimage\",\"url\":\"https:\/\/www.katjesgreenfood.de\/wp-content\/uploads\/2025\/05\/Genius-Logo_.png\",\"contentUrl\":\"https:\/\/www.katjesgreenfood.de\/wp-content\/uploads\/2025\/05\/Genius-Logo_.png\"},{\"@type\":\"BreadcrumbList\",\"@id\":\"https:\/\/www.katjesgreenfood.de\/en\/genius\/#breadcrumb\",\"itemListElement\":[{\"@type\":\"ListItem\",\"position\":1,\"name\":\"Home\",\"item\":\"https:\/\/www.katjesgreenfood.de\/en\/\"},{\"@type\":\"ListItem\",\"position\":2,\"name\":\"genius\"}]},{\"@type\":\"WebSite\",\"@id\":\"https:\/\/www.katjesgreenfood.de\/en\/#website\",\"url\":\"https:\/\/www.katjesgreenfood.de\/en\/\",\"name\":\"katjesgreenfood.de\",\"description\":\"\",\"potentialAction\":[{\"@type\":\"SearchAction\",\"target\":{\"@type\":\"EntryPoint\",\"urlTemplate\":\"https:\/\/www.katjesgreenfood.de\/en\/?s={search_term_string}\"},\"query-input\":{\"@type\":\"PropertyValueSpecification\",\"valueRequired\":true,\"valueName\":\"search_term_string\"}}],\"inLanguage\":\"en-US\"}]}<\/script>\n<!-- \/ Yoast SEO plugin. -->","yoast_head_json":{"title":"genius - katjesgreenfood.de","robots":{"index":"index","follow":"follow","max-snippet":"max-snippet:-1","max-image-preview":"max-image-preview:large","max-video-preview":"max-video-preview:-1"},"canonical":"https:\/\/www.katjesgreenfood.de\/en\/genius\/","og_locale":"en_US","og_type":"article","og_title":"genius - katjesgreenfood.de","og_description":"Genius Der \u2018free-from\u2018-Markt w\u00e4chst von Jahr zu Jahr weiter: Immer mehr Menschen sehen den Bedarf an gesundem Essen ohne unn\u00f6tige Zus\u00e4tze. Genius setzt dabei den Fokus auf glutenfreie Backwaren aus dem Supermarkt. Die K\u00f6chin Lucinda Bruce-Gardyne gr\u00fcndete das britische Unternehmen 2008 (inzwischen ist sie aus dem Unternehmen ausgeschieden) und entwickelte die Produkte aus einem pers\u00f6nlichen [&hellip;]","og_url":"https:\/\/www.katjesgreenfood.de\/en\/genius\/","og_site_name":"katjesgreenfood.de","article_modified_time":"2026-04-17T09:55:45+00:00","og_image":[{"width":475,"height":475,"url":"https:\/\/www.katjesgreenfood.de\/wp-content\/uploads\/2025\/05\/Genius-Logo_.png","type":"image\/png"}],"twitter_card":"summary_large_image","twitter_misc":{"Est. reading time":"1 minute"},"schema":{"@context":"https:\/\/schema.org","@graph":[{"@type":"WebPage","@id":"https:\/\/www.katjesgreenfood.de\/en\/genius\/","url":"https:\/\/www.katjesgreenfood.de\/en\/genius\/","name":"genius - katjesgreenfood.de","isPartOf":{"@id":"https:\/\/www.katjesgreenfood.de\/en\/#website"},"primaryImageOfPage":{"@id":"https:\/\/www.katjesgreenfood.de\/en\/genius\/#primaryimage"},"image":{"@id":"https:\/\/www.katjesgreenfood.de\/en\/genius\/#primaryimage"},"thumbnailUrl":"https:\/\/www.katjesgreenfood.de\/wp-content\/uploads\/2025\/05\/Genius-Logo_.png","datePublished":"2022-08-09T11:45:57+00:00","dateModified":"2026-04-17T09:55:45+00:00","breadcrumb":{"@id":"https:\/\/www.katjesgreenfood.de\/en\/genius\/#breadcrumb"},"inLanguage":"en-US","potentialAction":[{"@type":"ReadAction","target":["https:\/\/www.katjesgreenfood.de\/en\/genius\/"]}]},{"@type":"ImageObject","inLanguage":"en-US","@id":"https:\/\/www.katjesgreenfood.de\/en\/genius\/#primaryimage","url":"https:\/\/www.katjesgreenfood.de\/wp-content\/uploads\/2025\/05\/Genius-Logo_.png","contentUrl":"https:\/\/www.katjesgreenfood.de\/wp-content\/uploads\/2025\/05\/Genius-Logo_.png"},{"@type":"BreadcrumbList","@id":"https:\/\/www.katjesgreenfood.de\/en\/genius\/#breadcrumb","itemListElement":[{"@type":"ListItem","position":1,"name":"Home","item":"https:\/\/www.katjesgreenfood.de\/en\/"},{"@type":"ListItem","position":2,"name":"genius"}]},{"@type":"WebSite","@id":"https:\/\/www.katjesgreenfood.de\/en\/#website","url":"https:\/\/www.katjesgreenfood.de\/en\/","name":"katjesgreenfood.de","description":"","potentialAction":[{"@type":"SearchAction","target":{"@type":"EntryPoint","urlTemplate":"https:\/\/www.katjesgreenfood.de\/en\/?s={search_term_string}"},"query-input":{"@type":"PropertyValueSpecification","valueRequired":true,"valueName":"search_term_string"}}],"inLanguage":"en-US"}]}},"_links":{"self":[{"href":"https:\/\/www.katjesgreenfood.de\/en\/wp-json\/wp\/v2\/pages\/4336","targetHints":{"allow":["GET"]}}],"collection":[{"href":"https:\/\/www.katjesgreenfood.de\/en\/wp-json\/wp\/v2\/pages"}],"about":[{"href":"https:\/\/www.katjesgreenfood.de\/en\/wp-json\/wp\/v2\/types\/page"}],"author":[{"embeddable":true,"href":"https:\/\/www.katjesgreenfood.de\/en\/wp-json\/wp\/v2\/users\/2"}],"replies":[{"embeddable":true,"href":"https:\/\/www.katjesgreenfood.de\/en\/wp-json\/wp\/v2\/comments?post=4336"}],"version-history":[{"count":7,"href":"https:\/\/www.katjesgreenfood.de\/en\/wp-json\/wp\/v2\/pages\/4336\/revisions"}],"predecessor-version":[{"id":5402,"href":"https:\/\/www.katjesgreenfood.de\/en\/wp-json\/wp\/v2\/pages\/4336\/revisions\/5402"}],"wp:attachment":[{"href":"https:\/\/www.katjesgreenfood.de\/en\/wp-json\/wp\/v2\/media?parent=4336"}],"curies":[{"name":"wp","href":"https:\/\/api.w.org\/{rel}","templated":true}]}}